{"id":11285,"date":"2019-06-07T15:13:57","date_gmt":"2019-06-07T13:13:57","guid":{"rendered":"https:\/\/www.turismok.com\/?page_id=11285"},"modified":"2020-06-24T10:05:09","modified_gmt":"2020-06-24T08:05:09","slug":"turismok-2","status":"publish","type":"page","link":"https:\/\/www.turismok.com\/fr\/turismok-2\/","title":{"rendered":"turismok"},"content":{"rendered":"<div class=\"wpb-content-wrapper\"><p>[vc_row full_width=\u00a0\u00bbstretch_row_content\u00a0\u00bb parallax=\u00a0\u00bbcontent-moving\u00a0\u00bb parallax_image=\u00a0\u00bb12271&Prime;][vc_column]<div class=\"tm-element-heading-wrapper tm-heading-inner tm-element-align-center tm-seperator-solid tm-heading-style-vertical  vc_custom_1592985715788\">\r\n\t\t\t\t<section class=\"tm-vc_cta3-container\">\r\n\t\t\t\t\t<div class=\"tm-vc_general tm-vc_cta3 tm-cta3-only tm-vc_cta3-style-classic tm-vc_cta3-shape-rounded tm-vc_cta3-align-center tm-vc_cta3-color-transparent tm-vc_cta3-icon-size-md tm-vc_cta3-actions-no vc_custom_1592985715788 tm-cta3-with-desc\">\r\n\t\t\t\t\t\t\r\n\t\t\t\t\t\t\r\n\t\t\t\t\t\t<div class=\"tm-vc_cta3_content-container\">\r\n\t\t\t\t\t\t\t\r\n\t\t\t\t\t\t\t\r\n\t\t\t\t\t\t\t<div class=\"tm-vc_cta3-content\">\r\n\t\t\t\t\t\t\t\t<header class=\"tm-vc_cta3-content-header tm-wrap\">\r\n\t\t\t\t\t\t\t\t\t\r\n\t\t\t\t\t\t\t\t\t<div class=\"tm-vc_cta3-headers tm-wrap-cell\"><h2 class=\"tm-custom-heading \" >TurismOK<\/h2>\n<h4 class=\"tm-custom-heading \" >Une \u00e9quipe d\u2019experts aux c\u00f4t\u00e9s des entreprises touristiques.<\/h4>\n<\/div>\r\n\t\t\t\t\t\t\t\t\t\r\n\t\t\t\t\t\t\t\t<\/header>\r\n\t\t\t\t\t\t\t\t<div class=\"tm-cta3-content-wrapper\"><strong>TurismOK <\/strong>est une entreprise sp\u00e9cialis\u00e9e dans le tourisme qui offre des services pour les entreprises h\u00f4teli\u00e8res, les op\u00e9rateurs touristiques et les organismes publics.<\/p>\n<p>Notre entreprise nait, en 2008 dans la <strong>Vall\u00e9e d\u2019Aoste<\/strong>, de la passion pour le tourisme de Jean Paul Tournoud et Alberto Papagni. Au cours du temps notre \u00e9quipe a \u00e9volu\u00e9 pour faire face aux demandes du march\u00e9 et pour satisfaire les besoins de nos clients.<\/div>\r\n\t\t\t\t\t\t\t<\/div>\r\n\t\t\t\t\t\t\t\r\n\t\t\t\t\t\t\t\r\n\t\t\t\t\t\t<\/div>\r\n\t\t\t\t\t\t\r\n\t\t\t\t\t\t\r\n\t\t\t\t\t<\/div>\r\n\t\t\t\t<\/section>\r\n\t\t\t\t<\/div> <!-- .tm-element-heading-wrapper container --> [\/vc_column][\/vc_row][vc_row tm_bgcolor=\u00a0\u00bbdarkgrey\u00a0\u00bb full_width=\u00a0\u00bbstretch_row\u00a0\u00bb parallax=\u00a0\u00bbcontent-moving\u00a0\u00bb parallax_image=\u00a0\u00bb5092&Prime; parallax_speed_bg=\u00a0\u00bb2.0&Prime; css=\u00a0\u00bb.vc_custom_1503406456429{padding-top: 10% !important;padding-bottom: 5% !important;}\u00a0\u00bb el_id=\u00a0\u00bbteam\u00a0\u00bb][vc_column]<div class=\"tm-element-heading-wrapper tm-heading-inner tm-element-align-center tm-seperator-solid tm-heading-style-horizontal \">\r\n\t\t\t\t<section class=\"tm-vc_cta3-container\">\r\n\t\t\t\t\t<div class=\"tm-vc_general tm-vc_cta3 tm-cta3-only tm-vc_cta3-style-classic tm-vc_cta3-shape-rounded tm-vc_cta3-align-center tm-vc_cta3-color-transparent tm-vc_cta3-icon-size-md tm-vc_cta3-actions-no tm-cta3-with-desc\">\r\n\t\t\t\t\t\t\r\n\t\t\t\t\t\t\r\n\t\t\t\t\t\t<div class=\"tm-vc_cta3_content-container\">\r\n\t\t\t\t\t\t\t\r\n\t\t\t\t\t\t\t\r\n\t\t\t\t\t\t\t<div class=\"tm-vc_cta3-content\">\r\n\t\t\t\t\t\t\t\t<header class=\"tm-vc_cta3-content-header tm-wrap\">\r\n\t\t\t\t\t\t\t\t\t\r\n\t\t\t\t\t\t\t\t\t<div class=\"tm-vc_cta3-headers tm-wrap-cell\"><h4 class=\"tm-custom-heading \" >Ils parlent de nous<\/h4>\n<h2 class=\"tm-custom-heading \" >Quelques commentaires...<\/h2>\n<\/div>\r\n\t\t\t\t\t\t\t\t\t\r\n\t\t\t\t\t\t\t\t<\/header>\r\n\t\t\t\t\t\t\t\t<div class=\"tm-cta3-content-wrapper\">Les opinions de nos clients sont notre meilleure carte de visite&#8230;<\/div>\r\n\t\t\t\t\t\t\t<\/div>\r\n\t\t\t\t\t\t\t\r\n\t\t\t\t\t\t\t\r\n\t\t\t\t\t\t<\/div>\r\n\t\t\t\t\t\t\r\n\t\t\t\t\t\t\r\n\t\t\t\t\t<\/div>\r\n\t\t\t\t<\/section>\r\n\t\t\t\t<\/div> <!-- .tm-element-heading-wrapper container --> [vc_row_inner css=\u00a0\u00bb.vc_custom_1496060795619{padding-top: 5% !important;}\u00a0\u00bb][vc_column_inner width=\u00a0\u00bb2\/4&Prime;][vc_video link=\u00a0\u00bbhttps:\/\/www.youtube.com\/watch?v=IW6rSMrgxzw\u00a0\u00bb][\/vc_column_inner][vc_column_inner width=\u00a0\u00bb1\/4&Prime;][vc_video link=\u00a0\u00bbhttps:\/\/www.youtube.com\/watch?v=H4rAKBJfSuk\u00a0\u00bb]\r\n\t\t<div class=\"tm-vc_btn3-container tm-vc_btn3-center\"><a class=\"tm-vc_general tm-vc_btn3 tm-vc_btn3-size-lg tm-vc_btn3-shape-rounded tm-vc_btn3-style-3d tm-vc_btn3-weight-yes tm-vc_btn3-block tm-vc_btn3-icon-right tm-vc_btn3-color-skincolor\" href=\"\/turismok\/dicono-di-noi\/\" title=\"\">Regarde tous les commentaires <i class=\"tm-vc_btn3-icon themifyicon ti-video-camera\"><\/i><\/a><\/div>[\/vc_column_inner][vc_column_inner width=\u00a0\u00bb1\/4&Prime;][vc_video link=\u00a0\u00bbhttps:\/\/www.youtube.com\/watch?v=QmiN3R7CQDw\u00a0\u00bb][\/vc_column_inner][\/vc_row_inner][\/vc_column][\/vc_row][vc_row][vc_column]<div class=\"thememount-boxes thememount-boxes-client thememount-boxes-view-carousel thememount-boxes-col-three thememount-boxes-sortable- thememount-boxes-textalign-center tm-boxes-carousel-arrows-above tm-boxes-txtalign-center\" data-tm-speed=\"1500\" data-tm-autoplay=\"1\" data-tm-autoplayspeed=\"4500\" data-tm-loop=\"1\" data-tm-dots=\"0\" data-tm-nav=\"above\" data-tm-centermode=\"0\" data-tm-pauseonfocus=\"1\" data-tm-pauseonhover=\"1\" data-tm-slidestoscroll=\"column\" data-tm-effecttype=\"slide\">\r\n\t\t<div class=\"thememount-boxes-inner thememount-boxes-client-inner \"><div class=\"thememount-box-heading-wrapper tm-element-align-center\"><div class=\"tm-element-heading-wrapper tm-heading-inner tm-element-align-center tm-seperator-solid tm-heading-style-vertical \">\r\n\t\t\t\t<section class=\"tm-vc_cta3-container\">\r\n\t\t\t\t\t<div class=\"tm-vc_general tm-vc_cta3 tm-cta3-only tm-vc_cta3-style-classic tm-vc_cta3-shape-rounded tm-vc_cta3-align-center tm-vc_cta3-color-transparent tm-vc_cta3-icon-size-md tm-vc_cta3-actions-no tm-cta3-without-desc\">\r\n\t\t\t\t\t\t\r\n\t\t\t\t\t\t\r\n\t\t\t\t\t\t<div class=\"tm-vc_cta3_content-container\">\r\n\t\t\t\t\t\t\t\r\n\t\t\t\t\t\t\t\r\n\t\t\t\t\t\t\t<div class=\"tm-vc_cta3-content\">\r\n\t\t\t\t\t\t\t\t<header class=\"tm-vc_cta3-content-header tm-wrap\">\r\n\t\t\t\t\t\t\t\t\t\r\n\t\t\t\t\t\t\t\t\t<div class=\"tm-vc_cta3-headers tm-wrap-cell\"><h2 class=\"tm-custom-heading \" >Nos Partenaires<\/h2>\n<h4 class=\"tm-custom-heading \" >Les collaborations avec les plus grands acteurs sur le march\u00e9 touristique<\/h4>\n<\/div>\r\n\t\t\t\t\t\t\t\t\t\r\n\t\t\t\t\t\t\t\t<\/header>\r\n\t\t\t\t\t\t\t\t\r\n\t\t\t\t\t\t\t<\/div>\r\n\t\t\t\t\t\t\t\r\n\t\t\t\t\t\t\t\r\n\t\t\t\t\t\t<\/div>\r\n\t\t\t\t\t\t\r\n\t\t\t\t\t\t\r\n\t\t\t\t\t<\/div>\r\n\t\t\t\t<\/section>\r\n\t\t\t\t<\/div> <!-- .tm-element-heading-wrapper container --> <\/div> <!-- .tm-element-heading-wrapper container --> \r\n\t\t\t\r\n\t\t\t<div class=\"row multi-columns-row thememount-boxes-row-wrapper\">\r\n\t\t\t\t<div class=\"tm-box-col-wrapper col-lg-4 col-sm-6 col-md-4 col-xs-12 \"><div class=\"tm-client-logo-box-w\"><div class=\"tm-client-logo-tooltip\" data-tooltip=\"Zucchetti group\"><span class=\"thememount-box thememount-box-client thememount-box-view-boxed-logo thememount-client-box-view-boxed-logo\">\r\n\t\r\n\t\t<span class=\"thememount-item-thumbnail\">\r\n\t\t\t<span class=\"thememount-item-thumbnail-inner\">\r\n\t\t\t\t<img loading=\"lazy\" decoding=\"async\" width=\"165\" height=\"40\" src=\"https:\/\/www.turismok.com\/wp-content\/uploads\/2020\/12\/zucchetti.jpg\" class=\"attachment-full size-full wp-post-image\" alt=\"\" \/>\r\n\t\t\t<\/span>\r\n\t\t<\/span><\/span>\r\n<\/div><\/div><!-- .tm-client-logo-box-w --> <\/div><div class=\"tm-box-col-wrapper col-lg-4 col-sm-6 col-md-4 col-xs-12 \"><div class=\"tm-client-logo-box-w\"><div class=\"tm-client-logo-tooltip\" data-tooltip=\"federalberghi Valle d&rsquo;Aosta\"><span class=\"thememount-box thememount-box-client thememount-box-view-boxed-logo thememount-client-box-view-boxed-logo\">\r\n\t\r\n\t\t<span class=\"thememount-item-thumbnail\">\r\n\t\t\t<span class=\"thememount-item-thumbnail-inner\">\r\n\t\t\t\t<img loading=\"lazy\" decoding=\"async\" width=\"165\" height=\"48\" src=\"https:\/\/www.turismok.com\/wp-content\/uploads\/2020\/01\/federalberghi-vda.jpg\" class=\"attachment-full size-full wp-post-image\" alt=\"federalberghi Valle d&#039;Aosta\" \/>\r\n\t\t\t<\/span>\r\n\t\t<\/span><\/span>\r\n<\/div><\/div><!-- .tm-client-logo-box-w --> <\/div><div class=\"tm-box-col-wrapper col-lg-4 col-sm-6 col-md-4 col-xs-12 \"><div class=\"tm-client-logo-box-w\"><div class=\"tm-client-logo-tooltip\" data-tooltip=\"Federalberghi Torino\"><span class=\"thememount-box thememount-box-client thememount-box-view-boxed-logo thememount-client-box-view-boxed-logo\">\r\n\t\r\n\t\t<span class=\"thememount-item-thumbnail\">\r\n\t\t\t<span class=\"thememount-item-thumbnail-inner\">\r\n\t\t\t\t<img loading=\"lazy\" decoding=\"async\" width=\"165\" height=\"39\" src=\"https:\/\/www.turismok.com\/wp-content\/uploads\/2020\/01\/federalberghi-torino.jpg\" class=\"attachment-full size-full wp-post-image\" alt=\"federalberghi torino\" \/>\r\n\t\t\t<\/span>\r\n\t\t<\/span><\/span>\r\n<\/div><\/div><!-- .tm-client-logo-box-w --> <\/div><div class=\"tm-box-col-wrapper col-lg-4 col-sm-6 col-md-4 col-xs-12 \"><div class=\"tm-client-logo-box-w\"><div class=\"tm-client-logo-tooltip\" data-tooltip=\"Hextra Srl\"><span class=\"thememount-box thememount-box-client thememount-box-view-boxed-logo thememount-client-box-view-boxed-logo\">\r\n\t\r\n\t\t<span class=\"thememount-item-thumbnail\">\r\n\t\t\t<span class=\"thememount-item-thumbnail-inner\">\r\n\t\t\t\t<img loading=\"lazy\" decoding=\"async\" width=\"165\" height=\"43\" src=\"https:\/\/www.turismok.com\/wp-content\/uploads\/2017\/07\/hextra.jpg\" class=\"attachment-full size-full wp-post-image\" alt=\"hextra\" \/>\r\n\t\t\t<\/span>\r\n\t\t<\/span><\/span>\r\n<\/div><\/div><!-- .tm-client-logo-box-w --> <\/div><div class=\"tm-box-col-wrapper col-lg-4 col-sm-6 col-md-4 col-xs-12 \"><div class=\"tm-client-logo-box-w\"><div class=\"tm-client-logo-tooltip\" data-tooltip=\"Etm services\"><a class=\"tm-client-logo-link\" href=\"#\" target=\" _blank\"><span class=\"thememount-box thememount-box-client thememount-box-view-boxed-logo thememount-client-box-view-boxed-logo\">\r\n\t\r\n\t\t<span class=\"thememount-item-thumbnail\">\r\n\t\t\t<span class=\"thememount-item-thumbnail-inner\">\r\n\t\t\t\t<img loading=\"lazy\" decoding=\"async\" width=\"200\" height=\"43\" src=\"https:\/\/www.turismok.com\/wp-content\/uploads\/2016\/10\/etm-services.jpg\" class=\"attachment-full size-full wp-post-image\" alt=\"Etm Services\" \/>\r\n\t\t\t<\/span>\r\n\t\t<\/span><\/span>\r\n<\/a><\/div><\/div><!-- .tm-client-logo-box-w --> <\/div>\r\n\t\t\t<\/div>\r\n\t\t<\/div><!-- .thememount-boxes-inner -->   <\/div><!-- .thememount-boxes -->  [\/vc_column][\/vc_row]<\/p>\n<\/div>","protected":false},"excerpt":{"rendered":"<p>[vc_row full_width=\u00a0\u00bbstretch_row_content\u00a0\u00bb parallax=\u00a0\u00bbcontent-moving\u00a0\u00bb parallax_image=\u00a0\u00bb12271&Prime;][vc_column][\/vc_column][\/vc_row][vc_row tm_bgcolor=\u00a0\u00bbdarkgrey\u00a0\u00bb full_width=\u00a0\u00bbstretch_row\u00a0\u00bb parallax=\u00a0\u00bbcontent-moving\u00a0\u00bb parallax_image=\u00a0\u00bb5092&Prime; parallax_speed_bg=\u00a0\u00bb2.0&Prime; css=\u00a0\u00bb.vc_custom_1503406456429{padding-top: 10% !important;padding-bottom: 5% !important;}\u00a0\u00bb el_id=\u00a0\u00bbteam\u00a0\u00bb][vc_column][vc_row_inner css=\u00a0\u00bb.vc_custom_1496060795619{padding-top: 5% !important;}\u00a0\u00bb][vc_column_inner width=\u00a0\u00bb2\/4&Prime;][vc_video link=\u00a0\u00bbhttps:\/\/www.youtube.com\/watch?v=IW6rSMrgxzw\u00a0\u00bb][\/vc_column_inner][vc_column_inner width=\u00a0\u00bb1\/4&Prime;][vc_video link=\u00a0\u00bbhttps:\/\/www.youtube.com\/watch?v=H4rAKBJfSuk\u00a0\u00bb][\/vc_column_inner][vc_column_inner width=\u00a0\u00bb1\/4&Prime;][vc_video link=\u00a0\u00bbhttps:\/\/www.youtube.com\/watch?v=QmiN3R7CQDw\u00a0\u00bb][\/vc_column_inner][\/vc_row_inner][\/vc_column][\/vc_row][vc_row][vc_column][\/vc_column][\/vc_row]<\/p>\n","protected":false},"author":1,"featured_media":0,"parent":0,"menu_order":11,"comment_status":"closed","ping_status":"closed","template":"","meta":{"_joinchat":[],"footnotes":""},"class_list":["post-11285","page","type-page","status-publish","hentry"],"yoast_head":"<!-- This site is optimized with the Yoast SEO plugin v27.3 - https:\/\/yoast.com\/product\/yoast-seo-wordpress\/ -->\n<title>turismok - turismOK<\/title>\n<meta name=\"robots\" content=\"index, follow, max-snippet:-1, max-image-preview:large, max-video-preview:-1\" \/>\n<link rel=\"canonical\" href=\"https:\/\/www.turismok.com\/fr\/turismok-2\/\" \/>\n<meta property=\"og:locale\" content=\"fr_FR\" \/>\n<meta property=\"og:type\" content=\"article\" \/>\n<meta property=\"og:title\" content=\"turismok - turismOK\" \/>\n<meta property=\"og:description\" content=\"[vc_row full_width=\u00a0\u00bbstretch_row_content\u00a0\u00bb parallax=\u00a0\u00bbcontent-moving\u00a0\u00bb parallax_image=\u00a0\u00bb12271&Prime;][vc_column][\/vc_column][\/vc_row][vc_row tm_bgcolor=\u00a0\u00bbdarkgrey\u00a0\u00bb full_width=\u00a0\u00bbstretch_row\u00a0\u00bb parallax=\u00a0\u00bbcontent-moving\u00a0\u00bb parallax_image=\u00a0\u00bb5092&Prime; parallax_speed_bg=\u00a0\u00bb2.0&Prime; css=\u00a0\u00bb.vc_custom_1503406456429{padding-top: 10% !important;padding-bottom: 5% !important;}\u00a0\u00bb el_id=\u00a0\u00bbteam\u00a0\u00bb][vc_column][vc_row_inner css=\u00a0\u00bb.vc_custom_1496060795619{padding-top: 5% !important;}\u00a0\u00bb][vc_column_inner width=\u00a0\u00bb2\/4&Prime;][vc_video link=\u00a0\u00bbhttps:\/\/www.youtube.com\/watch?v=IW6rSMrgxzw\u00a0\u00bb][\/vc_column_inner][vc_column_inner width=\u00a0\u00bb1\/4&Prime;][vc_video link=\u00a0\u00bbhttps:\/\/www.youtube.com\/watch?v=H4rAKBJfSuk\u00a0\u00bb][\/vc_column_inner][vc_column_inner width=\u00a0\u00bb1\/4&Prime;][vc_video link=\u00a0\u00bbhttps:\/\/www.youtube.com\/watch?v=QmiN3R7CQDw\u00a0\u00bb][\/vc_column_inner][\/vc_row_inner][\/vc_column][\/vc_row][vc_row][vc_column][\/vc_column][\/vc_row]\" \/>\n<meta property=\"og:url\" content=\"https:\/\/www.turismok.com\/fr\/turismok-2\/\" \/>\n<meta property=\"og:site_name\" content=\"turismOK\" \/>\n<meta property=\"article:publisher\" content=\"https:\/\/www.facebook.com\/turismOK\" \/>\n<meta property=\"article:modified_time\" content=\"2020-06-24T08:05:09+00:00\" \/>\n<meta name=\"twitter:card\" content=\"summary_large_image\" \/>\n<meta name=\"twitter:label1\" content=\"Dur\u00e9e de lecture estim\u00e9e\" \/>\n\t<meta name=\"twitter:data1\" content=\"2 minutes\" \/>\n<script type=\"application\/ld+json\" class=\"yoast-schema-graph\">{\"@context\":\"https:\\\/\\\/schema.org\",\"@graph\":[{\"@type\":\"WebPage\",\"@id\":\"https:\\\/\\\/www.turismok.com\\\/fr\\\/turismok-2\\\/\",\"url\":\"https:\\\/\\\/www.turismok.com\\\/fr\\\/turismok-2\\\/\",\"name\":\"turismok - turismOK\",\"isPartOf\":{\"@id\":\"https:\\\/\\\/www.turismok.com\\\/#website\"},\"datePublished\":\"2019-06-07T13:13:57+00:00\",\"dateModified\":\"2020-06-24T08:05:09+00:00\",\"breadcrumb\":{\"@id\":\"https:\\\/\\\/www.turismok.com\\\/fr\\\/turismok-2\\\/#breadcrumb\"},\"inLanguage\":\"fr-FR\",\"potentialAction\":[{\"@type\":\"ReadAction\",\"target\":[\"https:\\\/\\\/www.turismok.com\\\/fr\\\/turismok-2\\\/\"]}]},{\"@type\":\"BreadcrumbList\",\"@id\":\"https:\\\/\\\/www.turismok.com\\\/fr\\\/turismok-2\\\/#breadcrumb\",\"itemListElement\":[{\"@type\":\"ListItem\",\"position\":1,\"name\":\"Home\",\"item\":\"https:\\\/\\\/www.turismok.com\\\/fr\\\/\"},{\"@type\":\"ListItem\",\"position\":2,\"name\":\"turismok\"}]},{\"@type\":\"WebSite\",\"@id\":\"https:\\\/\\\/www.turismok.com\\\/#website\",\"url\":\"https:\\\/\\\/www.turismok.com\\\/\",\"name\":\"turismOK\",\"description\":\"Consulenza Hotel e turismo\",\"publisher\":{\"@id\":\"https:\\\/\\\/www.turismok.com\\\/#organization\"},\"potentialAction\":[{\"@type\":\"SearchAction\",\"target\":{\"@type\":\"EntryPoint\",\"urlTemplate\":\"https:\\\/\\\/www.turismok.com\\\/?s={search_term_string}\"},\"query-input\":{\"@type\":\"PropertyValueSpecification\",\"valueRequired\":true,\"valueName\":\"search_term_string\"}}],\"inLanguage\":\"fr-FR\"},{\"@type\":\"Organization\",\"@id\":\"https:\\\/\\\/www.turismok.com\\\/#organization\",\"name\":\"Turismok\",\"url\":\"https:\\\/\\\/www.turismok.com\\\/\",\"logo\":{\"@type\":\"ImageObject\",\"inLanguage\":\"fr-FR\",\"@id\":\"https:\\\/\\\/www.turismok.com\\\/#\\\/schema\\\/logo\\\/image\\\/\",\"url\":\"https:\\\/\\\/www.turismok.com\\\/wp-content\\\/uploads\\\/2017\\\/04\\\/loghino.jpg\",\"contentUrl\":\"https:\\\/\\\/www.turismok.com\\\/wp-content\\\/uploads\\\/2017\\\/04\\\/loghino.jpg\",\"width\":428,\"height\":485,\"caption\":\"Turismok\"},\"image\":{\"@id\":\"https:\\\/\\\/www.turismok.com\\\/#\\\/schema\\\/logo\\\/image\\\/\"},\"sameAs\":[\"https:\\\/\\\/www.facebook.com\\\/turismOK\",\"https:\\\/\\\/www.linkedin.com\\\/company-beta\\\/1097820\\\/\"]}]}<\/script>\n<!-- \/ Yoast SEO plugin. -->","yoast_head_json":{"title":"turismok - turismOK","robots":{"index":"index","follow":"follow","max-snippet":"max-snippet:-1","max-image-preview":"max-image-preview:large","max-video-preview":"max-video-preview:-1"},"canonical":"https:\/\/www.turismok.com\/fr\/turismok-2\/","og_locale":"fr_FR","og_type":"article","og_title":"turismok - turismOK","og_description":"[vc_row full_width=\u00a0\u00bbstretch_row_content\u00a0\u00bb parallax=\u00a0\u00bbcontent-moving\u00a0\u00bb parallax_image=\u00a0\u00bb12271&Prime;][vc_column][\/vc_column][\/vc_row][vc_row tm_bgcolor=\u00a0\u00bbdarkgrey\u00a0\u00bb full_width=\u00a0\u00bbstretch_row\u00a0\u00bb parallax=\u00a0\u00bbcontent-moving\u00a0\u00bb parallax_image=\u00a0\u00bb5092&Prime; parallax_speed_bg=\u00a0\u00bb2.0&Prime; css=\u00a0\u00bb.vc_custom_1503406456429{padding-top: 10% !important;padding-bottom: 5% !important;}\u00a0\u00bb el_id=\u00a0\u00bbteam\u00a0\u00bb][vc_column][vc_row_inner css=\u00a0\u00bb.vc_custom_1496060795619{padding-top: 5% !important;}\u00a0\u00bb][vc_column_inner width=\u00a0\u00bb2\/4&Prime;][vc_video link=\u00a0\u00bbhttps:\/\/www.youtube.com\/watch?v=IW6rSMrgxzw\u00a0\u00bb][\/vc_column_inner][vc_column_inner width=\u00a0\u00bb1\/4&Prime;][vc_video link=\u00a0\u00bbhttps:\/\/www.youtube.com\/watch?v=H4rAKBJfSuk\u00a0\u00bb][\/vc_column_inner][vc_column_inner width=\u00a0\u00bb1\/4&Prime;][vc_video link=\u00a0\u00bbhttps:\/\/www.youtube.com\/watch?v=QmiN3R7CQDw\u00a0\u00bb][\/vc_column_inner][\/vc_row_inner][\/vc_column][\/vc_row][vc_row][vc_column][\/vc_column][\/vc_row]","og_url":"https:\/\/www.turismok.com\/fr\/turismok-2\/","og_site_name":"turismOK","article_publisher":"https:\/\/www.facebook.com\/turismOK","article_modified_time":"2020-06-24T08:05:09+00:00","twitter_card":"summary_large_image","twitter_misc":{"Dur\u00e9e de lecture estim\u00e9e":"2 minutes"},"schema":{"@context":"https:\/\/schema.org","@graph":[{"@type":"WebPage","@id":"https:\/\/www.turismok.com\/fr\/turismok-2\/","url":"https:\/\/www.turismok.com\/fr\/turismok-2\/","name":"turismok - turismOK","isPartOf":{"@id":"https:\/\/www.turismok.com\/#website"},"datePublished":"2019-06-07T13:13:57+00:00","dateModified":"2020-06-24T08:05:09+00:00","breadcrumb":{"@id":"https:\/\/www.turismok.com\/fr\/turismok-2\/#breadcrumb"},"inLanguage":"fr-FR","potentialAction":[{"@type":"ReadAction","target":["https:\/\/www.turismok.com\/fr\/turismok-2\/"]}]},{"@type":"BreadcrumbList","@id":"https:\/\/www.turismok.com\/fr\/turismok-2\/#breadcrumb","itemListElement":[{"@type":"ListItem","position":1,"name":"Home","item":"https:\/\/www.turismok.com\/fr\/"},{"@type":"ListItem","position":2,"name":"turismok"}]},{"@type":"WebSite","@id":"https:\/\/www.turismok.com\/#website","url":"https:\/\/www.turismok.com\/","name":"turismOK","description":"Consulenza Hotel e turismo","publisher":{"@id":"https:\/\/www.turismok.com\/#organization"},"potentialAction":[{"@type":"SearchAction","target":{"@type":"EntryPoint","urlTemplate":"https:\/\/www.turismok.com\/?s={search_term_string}"},"query-input":{"@type":"PropertyValueSpecification","valueRequired":true,"valueName":"search_term_string"}}],"inLanguage":"fr-FR"},{"@type":"Organization","@id":"https:\/\/www.turismok.com\/#organization","name":"Turismok","url":"https:\/\/www.turismok.com\/","logo":{"@type":"ImageObject","inLanguage":"fr-FR","@id":"https:\/\/www.turismok.com\/#\/schema\/logo\/image\/","url":"https:\/\/www.turismok.com\/wp-content\/uploads\/2017\/04\/loghino.jpg","contentUrl":"https:\/\/www.turismok.com\/wp-content\/uploads\/2017\/04\/loghino.jpg","width":428,"height":485,"caption":"Turismok"},"image":{"@id":"https:\/\/www.turismok.com\/#\/schema\/logo\/image\/"},"sameAs":["https:\/\/www.facebook.com\/turismOK","https:\/\/www.linkedin.com\/company-beta\/1097820\/"]}]}},"_links":{"self":[{"href":"https:\/\/www.turismok.com\/fr\/wp-json\/wp\/v2\/pages\/11285","targetHints":{"allow":["GET"]}}],"collection":[{"href":"https:\/\/www.turismok.com\/fr\/wp-json\/wp\/v2\/pages"}],"about":[{"href":"https:\/\/www.turismok.com\/fr\/wp-json\/wp\/v2\/types\/page"}],"author":[{"embeddable":true,"href":"https:\/\/www.turismok.com\/fr\/wp-json\/wp\/v2\/users\/1"}],"replies":[{"embeddable":true,"href":"https:\/\/www.turismok.com\/fr\/wp-json\/wp\/v2\/comments?post=11285"}],"version-history":[{"count":0,"href":"https:\/\/www.turismok.com\/fr\/wp-json\/wp\/v2\/pages\/11285\/revisions"}],"wp:attachment":[{"href":"https:\/\/www.turismok.com\/fr\/wp-json\/wp\/v2\/media?parent=11285"}],"curies":[{"name":"wp","href":"https:\/\/api.w.org\/{rel}","templated":true}]}}